{"id":7,"date":"2016-01-20T05:27:31","date_gmt":"2016-01-20T00:27:31","guid":{"rendered":"https:\/\/incometaxatlanta.com\/?page_id=7"},"modified":"2026-01-16T01:16:33","modified_gmt":"2026-01-15T20:16:33","slug":"tax-returns-info","status":"publish","type":"page","link":"https:\/\/incometaxatlanta.com\/ba\/tax-returns-info\/","title":{"rendered":"Porezne Informacije"},"content":{"rendered":"<p><\/p>\n<h2>\u00a0<\/h2>\n<h2>Lista dokumenata za obradu poreza<\/h2>\n<p>Molim vas koristite listu ispod kako bi znali koje dokumente i forme trebate ponijeti za obradu i slanje vase licne porezne prijave:<\/p>\n<p><strong>Licne informacije<\/strong><br \/>Licna karta, vozacka dozvola, ili pasos &#8211; SVI DONIJETI<br \/>Social security kartica &#8211; NOVI klijenti ili ako ste promijenili ime<\/p>\n<p><strong>Izdrzavano lice(a)<\/strong><\/p>\n<p>Social security kartice za svako dijete ili osobu o kojo se brinete i zivi s vama &#8211; Novorodjence i NOVI klijenti<\/p>\n<p>Rodni list za svako dijete &#8211; Novorodjence i NOVI klijenti<\/p>\n<p>Dokaz da dijete zivi s vama u kuci (dokument na kojem je napisano ime vaseg djeteta i ista adresa; npr. pismo iz skole, obdanista, osiguranja, doktora, apoteke, apartmana\u2026) &#8211; Novorodjence i NOVI klijenti<\/p>\n<p><strong>Za priznavanje djeteta kao izdr\u017eavanog \u010dlana porodice<\/strong> na va\u0161em poreskom obrascu:<\/p>\n<p><strong>Porodi\u010dna veza<\/strong> \u2013 Dijete mora biti va\u0161 sin, k\u0107erka, posin\u010de\/posinka, hranjeno dijete, brat, sestra, polubrat, polusestra, ili potomak bilo kojeg od navedenih (unuk, ne\u0107ak, ne\u0107akinja).<\/p>\n<p><strong>Boravi\u0161te<\/strong> \u2013 Dijete mora \u017eivjeti sa vama <strong>vi\u0161e od pola godine<\/strong> (183 dana ili vi\u0161e). Postoje izuzeci za privremene odsutnosti (\u0161kola, medicinska njega, odmor, vojska).<\/p>\n<p><strong>Starost<\/strong> \u2013 Generalno, dijete mora biti mla\u0111e od <strong>19 godina na kraju godine<\/strong>, ili mla\u0111e od <strong>24 godine ako je student s punim radnim vremenom<\/strong>, ili bilo koje starosti ako je <strong>trajno i potpuno onesposobljeno<\/strong>.<\/p>\n<p><strong>Izdr\u017eavanje<\/strong> \u2013 Vi morate osigurati <strong>vi\u0161e od polovine ukupnih finansijskih potreba djeteta<\/strong> tokom godine. To uklju\u010duje stanovanje, hranu, odje\u0107u, \u0161kolovanje, medicinsku njegu itd.<\/p>\n<p><strong>Zajedni\u010dki porezni obrazac<\/strong> \u2013 Dijete ne smije podnositi zajedni\u010dki poreski obrazac za godinu, osim ako je to samo radi povrata poreza i ne postoji porezna obaveza.<\/p>\n<p><strong>Dr\u017eavljanstvo\/Boravi\u0161te<\/strong> \u2013 Dijete mora biti ameri\u010dki dr\u017eavljanin, rezidentni stranac SAD-a, ameri\u010dki nacional, ili rezident Kanade ili Meksika.<\/p>\n<p><strong>Izvori prihoda &#8211; SVI DONIJETI<\/strong><br \/><em>Zaposleni u firmi<\/em><br \/>Forma W-2<\/p>\n<p><em>Nezaposleni<\/em><br \/>Forma 1099-G sa biroa za nezaposlene &#8211; ako vam ova forma nije stigla u posti, otidite na internet i isprintajte sebi. Ako zivite u Georgia, web site je <a href=\"https:\/\/www.dol.state.ga.us\/Access\/Service\/BP1099Inquiry\">https:\/\/www.dol.state.ga.us\/Access\/Service\/BP1099Inquiry<\/a><\/p>\n<p><em>Samozaposleni<\/em><br \/>Forma 1099-NEC ili 1099-MISC, Schedules K-1 (ako imate), te dokazi o zaradi koji nisu izlistani na 1099<br \/>Saberite svu svoju zaradu<br \/>Dokazi o troskovima &#8211; obracun kreditne ili bankovne kartice i racuni<br \/>Saberite sve svoje troskove u razlicitim kategorijama kao sto su materijali, hrana i zabava, poslovna putovanja, milje, troskovi za ofis, mobilni telefon, internet\u2026<br \/>Imovina koristena za posao, a kosta $600 i vise (cijena i datum kupovine) kao sto su kompjuteri, mobilni telefoni, namjestaj za ofis, velike masine\u2026<br \/>Koristenje ofisa u kuci &#8211; kvadratura kuce, kvadratura sobe koja je koristena kao kancelarija; saberite sve svoje godisnje racune za reziju kao sto su struja, voda, grijanje\u2026, poporavke na kuci, popravke u ofisu<br \/>Ako ste placali unaprijed takse koristeci forme 1040ES &#8211; tacan iznos i datum koliko ste i kada platili<\/p>\n<p><em>Prihod od rentanja kuce ili stana<\/em><br \/>Dokazi o zaradi i troskovima<br \/>Saberite sve troskove u razlicitim kategorijama kao sto su popravke, rezije, porez za zemlju\u2026<\/p>\n<p><em>Penzijski prihod<\/em><br \/>Penzija\/IRA\/annuity prihod (1099-R)<br \/>Socijal security\/RRB prihod (1099-SSA, RRB-1099)<\/p>\n<p><em>Stedni &amp; Investicijski Racuni ili Dividente<\/em><br \/>Interes i prihod na dividente (1099-INT, 1099-OID, 1099-DIV)<br \/>Prihod od prodaje dionica (1099-B, 1099-S)<br \/>Datumi kada ste i za koliko kupili dionice koje ste prodali i koje su izlistane na formi 1099-B<br \/>Ako te primili forme za Health Savings Account and long-term care reimbursements (1099-SA or 1099-LTC)<br \/>Troskovi povezani sa vasim investicijama<\/p>\n<p><em>Drugi prihod i gubici<\/em><br \/>Prihod sa kockanja (W-2G ili dokumenti koji prikazuju prihod kao i gubitke)<br \/>Duznost rada kao porota<br \/>Hobi prihodi i troskovi<br \/>Nagrade<br \/>Trusts, royalty income 1099 Misc<br \/>1099MISC za bilo sta drugo<br \/>Dokazi da ste platili ili primili alimentaciju od bivseg supruga\/e (ime i ss broj)<br \/>Ako ste u jednom trenutku imali $10,000 i vise u bankama izvan USA, donesite informacije o banci &#8211; ime, adresa, broj racuna i koliko novca u obje valute, lokalna i dolari<br \/><strong><br \/>Vrste poreskih odbitaka<\/strong><br \/><em>Vlasnik kuce<\/em><br \/>Forma 1098<br \/>Porez na zemlju ili licnu imovinu<br \/>Racuni za popravke u kuci kako bi se sacuvala energija; npr. solarni paneli, ulazna vrata, prozori, izolacija, klima, bojler\u2026<\/p>\n<p><em>Donacije<\/em><br \/>Potvrda od kes donaciji za dzamiju, crkvu, sinagogu, skolu ili neku drugu organizaciju odobrenu od IRSa<br \/>Potvrda o nekoj drugoj donaciji kao sto su Goodwill, Hope House, Nspire\u2026<br \/>Miljaza za donaciju<\/p>\n<p><em>Medicinski troskovi<\/em><br \/>Placanje medicinskog osiguranja, a da nije preko posla<br \/>Saberite racune koje ste platili u prosloj godini doktorima, zubarima, bolnicama i apotekama ako su veci od 10% od vase ukupne zarade i donesite racune na uvidjaj<br \/>Saberite koliko ste milja presli od kuce do doktora i bolnice prosle godine<\/p>\n<p><em>Medicinsko osiguranje<\/em><br \/>Forma 1095A ako ste imali osiguranje preko Marketplace, ObamaCare<\/p>\n<p><em>Troskovi za cuvanje djeteta<\/em><br \/>Pismo iz obdanista sa EIN (employee identification number of child care provider) ili socijal security broj od osobe koja je cuvala vase dijete, adresa i iznos koliko ste platili u prosloj godini<br \/>Ukupni troskovi za usvajanje djeteta<\/p>\n<p><em>Troskovi za fakultet<\/em><br \/>Forma 1098-T iz skole &#8211; vrlo je vazno da isprintate ovu formu sa skolske web stranice i donesete, ako vam nije stigla u posti<br \/>Racuni za knjige i skolski pribor i sabrati ih skupa<br \/>Forma 1098-E, ako placate studentski zajam<\/p>\n<p><em>Troskovi sa posla\u00a0samo ako ste samozaposleni radnici<\/em><br \/>Koristenja auta za obavljanje posla (putarine, miljaza, benzin, odrzavanje auta, registracija, interes, parking\u2026)<br \/>Drugi troskovi za posao kao sto je alat, uniforme i njihovo ciscenje, putovanja\u2026<\/p>\n<p><em>Drzavne &amp; lokalne takse i sales takse<\/em><br \/>Ako ste kupili novo auto, donisite papire da vidimo koliko ste platili sales taksu<\/p>\n<p>Broj bankovnog racuna i routing broj banke. Najbolje je da ponesete cekovnu knjizicu sa sobom!<\/p>\n<h1><strong><br \/><\/strong>Izmjene u zakonu o porezu za individualce za 2025<\/h1>\n<h2 id=\"tw-target-text\" class=\"tw-data-text tw-text-large tw-ta\" dir=\"ltr\" data-placeholder=\"Translation\"><strong><span class=\"Y2IQFc\" lang=\"bs\">Porezni kredit za djecu <\/span><\/strong><\/h2>\n<p class=\"tw-data-text tw-text-large tw-ta\" dir=\"ltr\" data-placeholder=\"Translation\"><span class=\"Y2IQFc\" lang=\"bs\">Porezni kredit za djecu sada iznosi $2,200 po djetetu ili izdr\u017eavanom licu &#8211; i dostupan samo za djecu mla\u0111u od 17 godina. Kredit za druge izdr\u017eavane osobe je ograni\u010den na $500 po izdr\u017eavanom licu.\u00a0 <\/span><\/p>\n<h2 class=\"tw-data-text tw-text-large tw-ta\" dir=\"ltr\" data-placeholder=\"Translation\"><strong><span class=\"Y2IQFc\" lang=\"bs\">Kredit za brigu o djeci i ovisnicima <\/span><\/strong><\/h2>\n<p class=\"tw-data-text tw-text-large tw-ta\" dir=\"ltr\" data-placeholder=\"Translation\"><span class=\"Y2IQFc\" lang=\"bs\">Kredit za brigu o djeci i izdr\u017eavanim osobama pru\u017ea poreznu olak\u0161icu za mnoge roditelje koji su odgovorni za tro\u0161kove brige o djeci. Iako je kredit namijenjen zaposlenim roditeljima ili starateljima, poreski obveznici koji su bili redovni studenti ili koji su bili nezaposleni jedan dio godine tako\u0111er se mogu kvalificirati.<\/span><\/p>\n<p id=\"tw-target-text\" class=\"tw-data-text tw-text-large tw-ta\" dir=\"ltr\" data-placeholder=\"Translation\"><span class=\"Y2IQFc\" lang=\"bs\">Ako ste platili vrti\u0107u, dadilji, ljetnom kampu ili nekom drugom pru\u017eaocu njege za brigu o kvalificiranom djetetu mla\u0111em od 13 godina ili izdr\u017eavanom invalidu bilo koje dobi, mo\u017eete se kvalificirati za poreski kredit u iznosu do 35% : do $3,000 kvalifikacionih tro\u0161kova (za maksimalni kredit od 1.050 USD) za jedno dijete ili izdr\u017eavana osoba, ili do 6.000 dolara kvalifikovanih (za maksimalni kredit od 2.100 dolara) za dvoje ili vi\u0161e djece ili izdr\u017eavanih osoba. Na primjer, poreski obveznik sa jednom kvalifikovanom osobom, 3.000 USD kvalifikacionih tro\u0161kova i AGI od 60.000 USD bi se kvalifikovao za bespovratni kredit od pribli\u017eno 600 USD (20% x 3.000 USD). Nasuprot tome, prema novom zakonu, poreski obveznik sa istim okolnostima mo\u017ee potencijalno tra\u017eiti povratni kredit od pribli\u017eno 1.500 USD (50% x 3.000 USD).<\/span><\/p>\n<h2 id=\"tw-target-text\" class=\"tw-data-text tw-text-large tw-ta\" dir=\"ltr\" data-placeholder=\"Translation\"><strong><span class=\"Y2IQFc\" lang=\"bs\">Kilometra\u017ea i naknada za obrok <\/span><\/strong><\/h2>\n<p class=\"tw-data-text tw-text-large tw-ta\" dir=\"ltr\" data-placeholder=\"Translation\"><span class=\"Y2IQFc\" lang=\"bs\">Standardna stopa kilometra\u017ee za tro\u0161kove upravljanja va\u0161im automobilom za poslovnu upotrebu je \u00a270 po milji.\u00a0 Stopa za medicinske tro\u0161kove i tro\u0161kove selidbe za odre\u0111ene odbitke za vojno osoblje iznosi \u00a221 po milji.\u00a0 Za dobrotvorne svrhe, stopa ostaje \u00a214 po milji.<\/span><\/p>\n<p dir=\"ltr\" data-placeholder=\"Translation\">Naknada za obroke za radnike\u00a0 transportnoj industriji iznosi $80 po danu.<\/p>\n<h2 dir=\"ltr\" data-placeholder=\"Translation\"><strong>Donacije i fakultet<\/strong><\/h2>\n<p>Uz svaku gotovinsku uplatu u bilo kojem kvalificiranom dobrotvornom drustvu mora biti prilozena potvrda o uplacenom iznosu sa datumom ili izvod iz banke o uplati.<\/p>\n<p>American Opportunity kredit za fakultet iznosi $2,500 &#8211; 100% na prvih $2,000 plus 25% za sljedecih $2,000 troskova. Maksimalan povrat poreza na placene kamate na zajam za skolarine je $2,500 i primjenjuje se od $160,000 za zajednicke bracne prijave i $80,000 za sve druge nacine porezne prijave.<\/p>\n<h2>Forme\u00a01099-MISC i 1099-NEC<\/h2>\n<p>Pocevsi od poreske godine 2026, poslodavac ce umjeto $600 morati prijaviti samo ako je radnika platio $2,000 i vise.<\/p>\n<p>Pocevsi of 2024-2025, ako poslodavac izdaje 10 ili vise 1099s, onda ih mora izdati elektronski.<\/p>\n<p>Da bi se smanjila zabuna oko prijavljivanja rokova, obrazac 1099-MISC je redizajniran, a obrazac 1099-NEC za prijavljivanje naknada samozaposlenim\u00a0radnicima\u00a0ponovo je uveden u 2020. godini. Prije promjene, naknada za samozaposlene radnike\u00a0na obrascu 1099 -MISC, kockica\u00a07, trebala\u00a0se poslati u\u00a0IRS\u00a0do 31. januara, a sva ostala placanja na obrascu 1099-MISC trebalo je poslati u\u00a0IRS-u do 28. februara za ili 31. marta\u00a0elektronski.<\/p>\n<p>Forma 1099-NEC (naknada za samozaposlene radnike) mora se poslati u IRS do 1. februara, a obrazac 1099-MISC mora se poslati do 1. marta ili 31. marta elektronski. Oba obrasca 1099-MISC i 1099-NEC moraju se dostaviti primaocu do 1. februara. Isplate ve\u0107e od 400 ameri\u010dkih dolara naknade za samozaposlene radnike bit ce prijavljene na obrascu 1099-NEC, kockica 1.<\/p>\n<h2><span style=\"color: revert; font-size: revert; font-weight: revert;\">Zarade i stope dohotka za poresku sezonu 2025<\/span><\/h2>\n<p>Evo osvjezavajuceg podatka o tome kako funkcioniraju brackets\u00a0dohotka i porezne stope: Vasa porezna stopa (postoci od vaseg dohotka koji placate u porezu) temelji se na poreznom okviru (rasponu dohotka).<\/p>\n<p>Na primjer, ako ste nevjencani i prihod vam iznosi $75,000, tada ste u poreznom bracket od 22%. Ali to ne znaci da je vasa stopa poreza ravnih 22%. Umjesto toga, dio vaseg dohotka oporezuje se 10%, drugi dio 12%, a posljednji dio 22%. (Mozete pogledati donju tabelu da biste vidjeli sve porezne brackets s pripadajucom poreznom stopom.)<\/p>\n<p>Za poreznu godinu 2025. porezne stope su iste &#8211; ali postoje neke male promjene u zagradama. U osnovi, zagrade su od 2024. prilagodene za nekoliko stotina dolara kako bi se uzela u obzir inflacija<\/p>\n<p>\u00a0<\/p>\n<h2><strong><b>2025 Marginal Income Tax Rates and Brackets<\/b><\/strong><\/h2>\n<table style=\"height: 875px;\" width=\"860\">\n<tbody>\n<tr>\n<td>\n<p><strong><b>2025 najnize stope poreza na dohodak<\/b><\/strong><b><\/b><\/p>\n<\/td>\n<td>\n<p><strong><b>Nevjencani\u00a0 Porezne stope<\/b><\/strong><\/p>\n<\/td>\n<td>\n<p><strong><b>Vjencani Skupa Porezne stope<\/b><\/strong><\/p>\n<\/td>\n<td>\n<p><strong><b>Glava kuce Porezne stope<\/b><\/strong><\/p>\n<\/td>\n<td>\n<p><strong><b>Vjencani odvojeno porezne stope<\/b><\/strong><\/p>\n<\/td>\n<\/tr>\n<tr>\n<td>\n<p>10%<\/p>\n<\/td>\n<td>\n<p>$0\u201311,925<\/p>\n<\/td>\n<td>\n<p>$0\u201323,850<\/p>\n<\/td>\n<td>\n<p>$0\u201317,000<\/p>\n<\/td>\n<td>\n<p>$0\u201311,925<\/p>\n<\/td>\n<\/tr>\n<tr>\n<td>\n<p>12%<\/p>\n<\/td>\n<td>\n<p>$11,926-48,475<\/p>\n<\/td>\n<td>\n<p>$23,850-96,950<\/p>\n<\/td>\n<td>\n<p>$17,001-64,850<\/p>\n<\/td>\n<td>\n<p>$11,926-48,475<\/p>\n<\/td>\n<\/tr>\n<tr>\n<td>\n<p>22%<\/p>\n<\/td>\n<td>\n<p>$48,476-103,350<\/p>\n<\/td>\n<td>\n<p>$96,951-206,700<\/p>\n<\/td>\n<td>\n<p>$64,851-103,350<\/p>\n<\/td>\n<td>\n<p>$48,476-103,350<\/p>\n<\/td>\n<\/tr>\n<tr>\n<td>\n<p>24%<\/p>\n<\/td>\n<td>\n<p>$103,351-197,300<\/p>\n<\/td>\n<td>\n<p>$206,701-394,600<\/p>\n<\/td>\n<td>\n<p>$103,351-197,300<\/p>\n<\/td>\n<td>\n<p>$103,351-197,300<\/p>\n<\/td>\n<\/tr>\n<tr>\n<td>\n<p>32%<\/p>\n<\/td>\n<td>\n<p>$197,301-250,525<\/p>\n<\/td>\n<td>\n<p>$394,601-501,050<\/p>\n<\/td>\n<td>$197,301-250,500<\/td>\n<td>\n<p>$197,301-250,525<\/p>\n<\/td>\n<\/tr>\n<tr>\n<td>\n<p>35%<\/p>\n<\/td>\n<td>\n<p>$250,526-626,350<\/p>\n<\/td>\n<td>\n<p>$501,051-751,600<\/p>\n<\/td>\n<td>\n<p>$250,501-626,350<\/p>\n<\/td>\n<td>\n<p>$250,526-375,800<\/p>\n<\/td>\n<\/tr>\n<tr>\n<td>\n<p>37%<\/p>\n<\/td>\n<td>\n<p>Over $626,350<\/p>\n<\/td>\n<td>\n<p>Over $751,600<\/p>\n<\/td>\n<td>\n<p>Over $626,350<\/p>\n<\/td>\n<td>\n<p>Over $375,800<\/p>\n<\/td>\n<\/tr>\n<\/tbody>\n<\/table>\n<h2>Porezi na kriptovalute<\/h2>\n<p>Od sada se obavezno moraju prijaviti bitcoin transakcije svih vrsta, bez obzira koliko bile male vrijednosti. Znaci, potrebno je voditi evidenciju o kupovini, prodaji, ulaganju ili upotrebi bitcoina za placanje robe ili usluga (za koju IRS smatra da je barter). Molim vas pogledajte link ispod:<\/p>\n<h1><strong><a href=\"https:\/\/www.cryptotrader.tax\/blog\/the-traders-guide-to-cryptocurrency-taxes\">Kako prijaviti kriptovalutu na vasoj poreznoj prijavi<\/a><\/strong><\/h1>\n<h2><strong><b>C<\/b><\/strong><strong><b>ijene<\/b><\/strong><\/h2>\n<p>Obrada\u00a0i elektronsko slanja vaseg poreza na prihod:<\/p>\n<p>$120 studenti i penzioneri (jednostavne takse bez odbitaka i malih biznisa)<\/p>\n<p>$160 po taksi<\/p>\n<p>Dodatno:<\/p>\n<p>Mali biznis, kontraktori, 1099\/Sch C:<\/p>\n<p>\u00a0 \u00a0 \u00a0 \u00a0 \u00a0 \u00a0 \u00a0 \u00a0 \u00a0 \u00a0zarada do $10 hiljada = $100<\/p>\n<p>\u00a0 \u00a0 \u00a0 \u00a0 \u00a0 \u00a0 \u00a0 \u00a0 \u00a0 \u00a0zarada do $100 hiljada = $250<\/p>\n<p>\u00a0 \u00a0 \u00a0 \u00a0 \u00a0 \u00a0 \u00a0 \u00a0 \u00a0 \u00a0zarada preko $100 hiljada = $350 +<\/p>\n<p>Iznajmljivanje kuce, Sch E: $150<\/p>\n<p>Druge drzave osim Georgia po $100<\/p>\n<p>Troskovi sa posla (ne moze za Georgia-u):\u00a0 $120<\/p>\n<p>&#8220;Donijet cu ti samo jos jedan papir da zavrsis taksu&#8221; kosta $30<\/p>\n<p>Schedule K-1:\u00a0 $30 po formi<\/p>\n<p>Kopije takse od prijasnjih godina:\u00a0\u00a0\u00a0$30 po taksi po godini<\/p>\n<p>Konsultacije 20min:\u00a0\u00a0\u00a0$60<\/p>\n<p>Amendment taksa, ponovna obrada iste takse koju sam ja radila: $120<\/p>\n<p>Amendment taksa, obrada i ispravljanje takse koju nisam ja radila: $300<\/p>\n<p>Ne dolazak na termin ili odgadanje u zadnjem trenutku je $60<\/p>\n<p>Ako ste NA\u0160 postoje\u0107i klijent koji \u017eivi u Georgia-i i NE \u017eeli iz bilo kojeg razloga do\u0107i u kancelariju, obradu poreza vam mo\u017eemo izvr\u0161iti putem telefona uz nadoplatu od $150.00. Nazovite nas ili nam po\u0161aljite email za detalje.<\/p>\n<h2><strong>Ko mora ispuniti i predati poreznu prijavu?<\/strong><\/h2>\n<p>Svaki individualaca u SAD-u koji ima zaradu od $14,600 i vise i\/ili neto prihod od samozaposljavanja od $400 i vise. Individualci sa brutto prihodom manjim od $14,600 mogu ispuniti i podnjeti poreznu prijavu i dobit ce natrag sve sto su uplatili u korist drzavnih poreza.<\/p>\n<h2><strong>Sta je prihod?<\/strong><\/h2>\n<p>Prihod je financijki dobitak koji potice od rada, kapitala (novca), ili kombinacije ovo dvoje.\u00a0 Postoje dvije vrste prihoda, bezporezni i porezni prihod.<br \/>Bezporezni prihod je po zakonu prihod koji je oslobodjen svih poreza.\u00a0 Neki primjeri su socijalna pomoc, djecji doplatak, radna kompenzacija, pokloni i federalni povrat poreza.<br \/>Porezni prihod je ukupan iznos stecenog prihoda u novcu, nekretninama ili uslugama koje su oporezive.\u00a0 Postoje dvije vrste poreznog prihoda, zaradjeni i nezaradjeni prihod.<br \/>Zaradjeni prihod je prihod primljen za izvrsene usluge, kao sto su plata, provizija, napojnica, porotnistvo i generalno govoreci zarada od svih poljoprivrednih i drugih biznisa.<br \/>Nezaradjeni prihod ukljucuje novac koji ste primili investicijom svog novca ili nekretnine, kao sto su kamate, dividende i zarade na dionicama.\u00a0 Takodje ukljucuje penzije, alimentacije, nadoknade za nezaposlenost, igre na srecu, i druge prihode koji ne proizilaze iz pruzanja usluga.<\/p>\n<h2><strong>Na sta se odnosi krajnji rok?<\/strong><\/h2>\n<p>April 15, 2026 je je krajnji rok za:<\/p>\n<blockquote>\n<p>&#8211; ispunjenje i predaju porezne prijave za 2025 godinu bilo u papirnom ili elektornskom obliku<br \/>&#8211; zahtjev povrat poreza za 2022, 2023, i\/ili 2024 godinu, kojem zakon o trogodisnjem ogranicenju istice\u00a0 (Napomena: nema kazne ako povrat poreza nije ispunjenj i predan na vrijeme. Ali cekajuci predugo za predaju mozete izgubiti svoj povrat. Za primitak povrata poreza, prijava poreza mora biti podnesena unutar 3 godine od dospijeca.)<br \/>&#8211; zahtjev za ispunjenje i predaju produljenje porezne prijave na rok od 6 mjeseci<br \/>&#8211; izvrsenje uplate preostalog duga\u00a0 poreza za 2025 godinu<br \/>&#8211; doprinos Roth ili tradicionalnom IRA za poreznu godinu 2025<\/p>\n<\/blockquote>\n<h2><strong>Sta ako dugujem vise nego sto mogu platiti?<\/strong><\/h2>\n<p>Iako nemate dovoljno novca za platiti, prijava poreza bi morala biti ispunjena da bi se izbjegle daljnje kazne zbog ne prijavljivanja poreza. IRS ce vam ponuditi alternativni ili zamjenski racun kao npr. dogovor koji ce vam omoguciti placanja poreznog duga tokom vremena (u ratama).<\/p>\n<h2><strong>Hocu li ici u zatvor?<\/strong><\/h2>\n<p>Praksa IRS-a je ne preporucavati kriminalni progon individualaca zbog propustanja ispune i prijave za povrat poreza prije obavijestavanja da su pod kriminalnom istragom. Morate uloziti truda da ispunite i predate ispravnu prijavu poreza i imati prihod iz legalnih izvora.\u00a0 Pismo IRS-a vezano za poreze nije obavijest da ste pod kriminalnom istragom. IRS zeli ljude vratiti u sistem, ne ih progoniti zbog ucinjenih gresaka. Iako, prevarantski slucajevi koji ukljucuju zlouptrebu poreznih zakona ce se istrazivati.<\/p>\n<h2><strong>Od kad se zaracunavaju kazne i kamate?<\/strong><\/h2>\n<p>Kazne i kamate se ne zaracunavaju u godini u kojoj dobijate povrat poreza. Kazne i kamate se zaracunavaju u godini u kojoj dugujete novac. Kamate na kasnjenje u placanju mogu sezati od 4% do 9% plus kazna za zakasnjenju predaju porezne prijave je 5% mjesecno.<\/p>\n<h2><strong>Generalne informacije o taksama<\/strong><\/h2>\n<p>U SAD-u, federalna porezna prijava se salje u Internal Revenue Service (IRS), grana drzavne blagajne. Svaki individualac koji ima zaradu i\/ili prihod od samozaposljavanja mora ispuniti i podnjeti poreznu prijavu do Aprila 15, 2026.<\/p>\n<h2><strong>Porezni odbici<\/strong><\/h2>\n<p>Poslodavci trebaju odbiti od radnikove plate federalni i akoima drzavni porez.\u00a0 Poslodavci takodje moraju odbiti social security plus Medicare doprinose, koji se skupa nazavijau F.I.C.A. i obicno su oko 7.65% od neto prihoda.\u00a0 Posladavci isto tako moraju poslati forme W-2 svojim radnicima do 31. januara za sve nadnice placene u predhotdnoj godini.\u00a0 W-2 form sadrzava inforamcije potrebne za ispunjavanje i predaju porezne prijave.\u00a0 Samoposlodavci bi trebali uplacivati kvotersku procjenu poreza drzavnoj blagajni, ili sve platiti u trenuku kad se njihove porezne prijave ispunjavaju i predaju.<\/p>\n<h2><strong>Ispunjenje i predaja porezne prijave<\/strong><\/h2>\n<p>Porezne prijave sadrzavaju listu zarada na jednom ili vise poslova i sve moguce odbitke i kredite.\u00a0 Porezne prijave takodje prikazu krajnji balans povrata poreza ili duga.\u00a0 Ako individualac treba dobiti natrag povrat poreza, on ili ona moze dati svoj bankovni broj racuna pa da IRS direktno polozi pare na racun ili IRS moze poslati postom cek.\u00a0 Direktni depozit na rucun se izvrasava u roku od dvije sedmice, dok primanje ceka moze potrajati i po mjesec dana i vise.<br \/>Ako individualas treba uplatiti preostali dug za porez, cek mora biti napisana i poslan u US Treasury do April 15.\u00a0 Placanje kreditnom karticom je takodje moguce, ali cijena za koristenje kartice je velika (cijena ovisi od sporazuma sa kompanijom kreditne kartice i obicno iznosi oko 10% od ukupnog placanja).<\/p>\n<h2><strong>Koji je bolji nacin da se posalju takse?<\/strong><\/h2>\n<p>Ja predlazem da se porezne prijave salju elektronski sa direct deposit.\u00a0 To je najbrizi i najsigurniji nacin slanja vasih taksi i primanja novca od IRS-a.\u00a0 Na primjer, ako individualac posalje svoju poreznu prijavu putem regularne poste i ocekuje cek od IRS na isti nacin, to ce potrajati 6 do 8 sedmica (sa nadom da se takse ili cek nece izgubi u posti).\u00a0 Tokom prvih par sedmica ovog procesa, ne postoji nacin na koji se moze provjeriti status vase porezne prijave i koliko dugo ce trajati da bude procesirana.\u00a0 Sa druge strane, ako individualac posalje takse elektronski i odluci se za direktni depozit na racun, to ce potrajati manje od dvije sedmice.<br \/>Kada su porezne prijave poslane elektronski, onda su poslane direktno u kompjuter IRS zastupnika koji ce ih obraditi za nekoliko dana i povrat poreza depozitirati na vas bankovni racun za manje od dvije sedmice.\u00a0 Takodje, u toku ovog procesa, jednostavno je provjeriti status vase takse putem interneta u bilo koje vrijeme.<\/p>\n\n\n<p><\/p>","protected":false},"excerpt":{"rendered":"<p>\u00a0 Lista dokumenata za obradu poreza Molim vas koristite listu ispod kako bi znali koje dokumente i forme trebate ponijeti za obradu i slanje vase licne porezne prijave: Licne informacijeLicna karta, vozacka dozvola, ili pasos &#8211; SVI DONIJETISocial security kartica &#8211; NOVI klijenti ili ako ste promijenili ime Izdrzavano lice(a) Social security kartice za svako [&hellip;]<\/p>\n","protected":false},"author":1,"featured_media":0,"parent":0,"menu_order":0,"comment_status":"closed","ping_status":"closed","template":"","meta":[],"_links":{"self":[{"href":"https:\/\/incometaxatlanta.com\/ba\/wp-json\/wp\/v2\/pages\/7"}],"collection":[{"href":"https:\/\/incometaxatlanta.com\/ba\/wp-json\/wp\/v2\/pages"}],"about":[{"href":"https:\/\/incometaxatlanta.com\/ba\/wp-json\/wp\/v2\/types\/page"}],"author":[{"embeddable":true,"href":"https:\/\/incometaxatlanta.com\/ba\/wp-json\/wp\/v2\/users\/1"}],"replies":[{"embeddable":true,"href":"https:\/\/incometaxatlanta.com\/ba\/wp-json\/wp\/v2\/comments?post=7"}],"version-history":[{"count":173,"href":"https:\/\/incometaxatlanta.com\/ba\/wp-json\/wp\/v2\/pages\/7\/revisions"}],"predecessor-version":[{"id":941,"href":"https:\/\/incometaxatlanta.com\/ba\/wp-json\/wp\/v2\/pages\/7\/revisions\/941"}],"wp:attachment":[{"href":"https:\/\/incometaxatlanta.com\/ba\/wp-json\/wp\/v2\/media?parent=7"}],"curies":[{"name":"wp","href":"https:\/\/api.w.org\/{rel}","templated":true}]}}