{"id":2,"date":"2016-01-20T04:36:22","date_gmt":"2016-01-19T23:36:22","guid":{"rendered":"https:\/\/incometaxatlanta.com\/?page_id=2"},"modified":"2026-01-16T01:10:02","modified_gmt":"2026-01-15T20:10:02","slug":"about","status":"publish","type":"page","link":"https:\/\/incometaxatlanta.com\/ba\/about\/","title":{"rendered":"O Aidi Karame\u0161i\u0107"},"content":{"rendered":"<p><\/p>\n<p>Aida je ovla\u0161teni IRS porezni stru\u010dnjak sa vise od 20 godina iskustva, osnivaju\u0107i Income Tax Atlanta u 2004. godini sa zapanjuju\u0107im uspjehom.<\/p>\n<p>Aida je u SAD do\u0161la kao izbjeglica sa starijim bratom za vrijeme rata u Bosni i Hercegovini 1995.\u00a0 Znaju\u0107i da mora naporno raditi kako bi ovdje uspjela, trudila se \u0161to vi\u0161e ulo\u017eiti u svoje obrazovanje.\u00a0 Diplomirala je na Georgia Tech-u kao aerospace in\u017eenjer. \u00a0Svoju karijeru je zapo\u010dela u NASA-i, nakon \u010dega je radila na avio i raketnim motorima za Pratt &amp; Whitney.\u00a0 U to je vrijeme shvatila da bi joj moglo biti bolje poslu\u017eiti negdje drugdje i preselila se u porezni zakon, brzo ga savladav\u0161i.<\/p>\n<p>Njezino enciklopedijsko znanje o poreznim zakonima izuzetno koristi njezinim klijentima da dobiju maksimalan povrat novca svake godine, a njezini savjeti \u0107e vas uputiti kako u\u0161tedjeti vi\u0161e novca predstoje\u0107ih godina.\u00a0 Temeljita i sjajna za detalje, Aida garantira 100% ta\u010dnost i sigurnost prilikom podno\u0161enja porezne prijave.<\/p>\n<p>Strastvena, neustra\u0161iva i nevjerovatno odlu\u010dna, iskrena je osoba koja voli izazove i njezin \u017eivot izvan porezne sezone upravo to dokazuje.\u00a0 Svjetska putnica obi\u0161la je 18 puta zemaljsku kuglu, posjetila sve zemlje svijeta osim dvije i jednako je sretna kod ku\u0107e, u pustinji ili dubokom plavom moru kao i u svom uredu u Lawrenceville-u.<\/p>\n<p>Zaka\u017eite termin sa jednom od njenih asistentica pozivom na\u00a0404-388-0260.<\/p>\n<p>Pogledajte kratke razgovore Aide na FACE TVu i na Hayat-u:<\/p>\n<h2><a href=\"https:\/\/www.youtube.com\/watch?v=6eiyqODSMYg\"><strong>FACE TV: Aida Karamesic gost Senada Hadzifejzovica u Atlanti<\/strong><\/a><\/h2>\n<h2><a href=\"https:\/\/www.youtube.com\/watch?v=Aw7Nt05VT90\"><strong>HAYAT TV: Ovo je Sarajka koja se ne plasi ajkula i koja je obisla cijeli svijet<\/strong><\/a><\/h2>\n<p>ili procitajte o njenim putovanjima na sljedecim web stranicama:<\/p>\n<h1><strong><a href=\"https:\/\/faktor.ba\/vijest\/prica-sarajke-prezivjela-klinicku-smrt-radila-u-nasa-i-pravila-motore-za-avione-godisnje-putuje-svijetom-9-mjeseci-267603\">Pri\u010da Sarajke: Pre\u017eivjela klini\u010dku smrt, radila u NASA-i, pravila motore za avione, godi\u0161nje putuje svijetom 9 mjeseci<\/a><\/strong><\/h1>\n<h1><strong><a href=\"https:\/\/www.klix.ba\/lifestyle\/putovanja\/ostrvo-sipadan-u-maleziji-na-kojem-niko-ne-zivi-idealno-je-mjesto-za-ronjenje\/160617009\">Ostrvo Sipidan u Maleziji na kojem niko ne zivi idealno je mjesto za ronjenje, kaze Aida Karamesic<\/a><\/strong><\/h1>\n<p>Takodje pogledajte slike i videos na njenoj Facebook stranici:<\/p>\n<h1><strong><a href=\"https:\/\/www.facebook.com\/aida.karamesic\/videos\/vb.580500025\/10162125067650026\/?type=3\">Ronjenje sa ajkulama<\/a><\/strong><\/h1>\n<h1><strong><a href=\"https:\/\/www.facebook.com\/aida.karamesic\/videos\/vb.580500025\/10160404800625026\/?type=3\">Hodanje po krilima aviona dok avion leti<\/a><\/strong><\/h1>\n<h1><strong><a href=\"https:\/\/www.facebook.com\/aida.karamesic\/videos\/vb.580500025\/10159620573790026\/?type=3\">Kad te hijena masira u Africi<\/a><\/strong><\/h1>\n<p><\/p>","protected":false},"excerpt":{"rendered":"<p>Aida je ovla\u0161teni IRS porezni stru\u010dnjak sa vise od 20 godina iskustva, osnivaju\u0107i Income Tax Atlanta u 2004. godini sa zapanjuju\u0107im uspjehom. Aida je u SAD do\u0161la kao izbjeglica sa starijim bratom za vrijeme rata u Bosni i Hercegovini 1995.\u00a0 Znaju\u0107i da mora naporno raditi kako bi ovdje uspjela, trudila se \u0161to vi\u0161e ulo\u017eiti u [&hellip;]<\/p>\n","protected":false},"author":1,"featured_media":0,"parent":0,"menu_order":0,"comment_status":"closed","ping_status":"closed","template":"","meta":[],"_links":{"self":[{"href":"https:\/\/incometaxatlanta.com\/ba\/wp-json\/wp\/v2\/pages\/2"}],"collection":[{"href":"https:\/\/incometaxatlanta.com\/ba\/wp-json\/wp\/v2\/pages"}],"about":[{"href":"https:\/\/incometaxatlanta.com\/ba\/wp-json\/wp\/v2\/types\/page"}],"author":[{"embeddable":true,"href":"https:\/\/incometaxatlanta.com\/ba\/wp-json\/wp\/v2\/users\/1"}],"replies":[{"embeddable":true,"href":"https:\/\/incometaxatlanta.com\/ba\/wp-json\/wp\/v2\/comments?post=2"}],"version-history":[{"count":91,"href":"https:\/\/incometaxatlanta.com\/ba\/wp-json\/wp\/v2\/pages\/2\/revisions"}],"predecessor-version":[{"id":926,"href":"https:\/\/incometaxatlanta.com\/ba\/wp-json\/wp\/v2\/pages\/2\/revisions\/926"}],"wp:attachment":[{"href":"https:\/\/incometaxatlanta.com\/ba\/wp-json\/wp\/v2\/media?parent=2"}],"curies":[{"name":"wp","href":"https:\/\/api.w.org\/{rel}","templated":true}]}}